{"id":8207,"date":"2021-05-27T20:40:30","date_gmt":"2021-05-27T18:40:30","guid":{"rendered":"https:\/\/www.yumrey.com\/produkt\/collier-soleil\/"},"modified":"2023-04-19T16:27:08","modified_gmt":"2023-04-19T14:27:08","slug":"collier-soleil","status":"publish","type":"product","link":"https:\/\/www.yumrey.com\/fr\/produit\/collier-soleil\/","title":{"rendered":"COLLIER SOLEIL"},"content":{"rendered":"<p>Le collier SOLEIL est un d\u00e9licat collier en argent olive enti\u00e8rement en argent 925 avec un pendentif ovale en argent avec un design unique de soleil. L&#8217;ajout parfait \u00e0 tout style pour elle ou pour lui. Le collier comporte une plaque argent\u00e9e portant le logo YUMREY au niveau du fermoir.<\/p>\n<p>Le soleil est un symbole de pouvoir, de reconnaissance et d&#8217;autorit\u00e9. Introduire le symbole du soleil dans ta vie t&#8217;aidera \u00e0 apporter la paix, surtout s&#8217;il est plac\u00e9 dans le secteur de tes relations personnelles. Ce beau symbole aide aussi \u00e0 attirer la chance. Le collier SOLEIL avec le symbole du soleil te permettra de r\u00e9tablir l&#8217;\u00e9quilibre dans ta maison.<\/p>\n<p>Regarde la cha\u00eene <a href=\"https:\/\/www.yumrey.com\/fr\/produit\/collier-olive\/\">OLIVE<\/a> seule<\/p>\n<p><em>Regarde le collier Soleil sur <a href=\"https:\/\/www.instagram.com\/p\/CUDIBBIIoIe\/\">Instagram<\/a><\/em><\/p>\n<p>Les bijoux sont emball\u00e9s dans une bo\u00eete cadeau \u00e9l\u00e9gante avec le logo YUMREY. Nous avons produit l&#8217;emballage en tenant compte de l&#8217;environnement.<br \/>\nNous avons \u00e9limin\u00e9 la plupart du plastique des sacs et r\u00e9duit la teneur en plastique des bo\u00eetes. Les bo\u00eetes sont fabriqu\u00e9es \u00e0 partir de papier recycl\u00e9 certifi\u00e9 FSC.<\/p>\n<p>D\u00e9lai de livraison standard : 1 \u00e0 4 jours.<\/p>\n<h6><em>Nos produits sont fabriqu\u00e9s avec des mat\u00e9riaux de la meilleure qualit\u00e9. Fabriqu\u00e9 enti\u00e8rement en argent 925. Au fil des ann\u00e9es de d\u00e9veloppement de l&#8217;art de la bijouterie, c&#8217;est l&#8217;\u00e9chantillon 925 qui s&#8217;est av\u00e9r\u00e9 \u00eatre la valeur optimale sur le rapport entre l&#8217;argent et les autres adjuvants de la bijouterie. Lorsque tu choisis nos bijoux en argent avec la d\u00e9signation &#8220;925&#8221;, tu es donc assur\u00e9 d&#8217;avoir affaire \u00e0 un alliage avec une tr\u00e8s haute teneur en argent et une bonne durabilit\u00e9 en m\u00eame temps. Le produit restera avec toi pendant des ann\u00e9es.<\/em><\/h6>\n","protected":false},"excerpt":{"rendered":"<p>Sertie d&#8217;un collier en argent en forme d&#8217;olive et d&#8217;un m\u00e9daillon en argent avec un motif de soleil.<br \/>\nTout est fait en argent 925.<\/p>\n<p>&nbsp;<\/p>\n","protected":false},"featured_media":14578,"template":"","meta":[],"product_brand":[],"product_cat":[331],"product_tag":[363],"class_list":{"0":"post-8207","1":"product","2":"type-product","3":"status-publish","4":"has-post-thumbnail","6":"product_cat-collier","7":"product_tag-collier","9":"first","10":"instock","11":"sale","12":"shipping-taxable","13":"purchasable","14":"product-type-simple"},"yoast_head":"<!-- This site is optimized with the Yoast SEO plugin v27.4 - https:\/\/yoast.com\/product\/yoast-seo-wordpress\/ -->\n<title>COLLIER SOLEIL - YUMREY JEWELRY WARSAW<\/title>\n<meta name=\"description\" content=\"COLLIER SOLEIL est un collier d\u00e9licat en forme d&#039;olive, enti\u00e8rement en argent 925, avec un pendentif ovale au motif unique de soleil.\" \/>\n<meta name=\"robots\" content=\"index, follow, max-snippet:-1, max-image-preview:large, max-video-preview:-1\" \/>\n<link rel=\"canonical\" href=\"https:\/\/www.yumrey.com\/fr\/produkt\/collier-soleil\/\" \/>\n<meta property=\"og:locale\" content=\"fr_FR\" \/>\n<meta property=\"og:type\" content=\"article\" \/>\n<meta property=\"og:title\" content=\"COLLIER SOLEIL\" \/>\n<meta property=\"og:description\" content=\"Un ensemble avec un collier en argent sterling en forme d&#039;olives et un m\u00e9daillon avec un motif de soleil.Le tout en argent 925.\" \/>\n<meta property=\"og:url\" content=\"https:\/\/www.yumrey.com\/fr\/produkt\/collier-soleil\/\" \/>\n<meta property=\"og:site_name\" content=\"YUMREY\" \/>\n<meta property=\"article:publisher\" content=\"https:\/\/www.facebook.com\/yumreyofficial\/\" \/>\n<meta property=\"article:modified_time\" content=\"2023-04-19T14:27:08+00:00\" \/>\n<meta property=\"og:image\" content=\"https:\/\/www.yumrey.com\/wp-content\/uploads\/2021\/12\/YUMREY-SOLEIL-PACKAGE-1.jpg\" \/>\n<meta name=\"twitter:card\" content=\"summary_large_image\" \/>\n<meta name=\"twitter:title\" content=\"COLLIER SOLEIL\" \/>\n<meta name=\"twitter:description\" content=\"Un ensemble avec un collier en argent sterling en forme d&#039;olives et un m\u00e9daillon avec un motif de soleil.Le tout en argent 925.\" \/>\n<meta name=\"twitter:image\" content=\"https:\/\/www.yumrey.com\/wp-content\/uploads\/2021\/12\/YUMREY-SOLEIL-PACKAGE-1.jpg\" \/>\n<meta name=\"twitter:label1\" content=\"Dur\u00e9e de lecture estim\u00e9e\" \/>\n\t<meta name=\"twitter:data1\" content=\"1 minute\" \/>\n<script type=\"application\/ld+json\" class=\"yoast-schema-graph\">{\"@context\":\"https:\\\/\\\/schema.org\",\"@graph\":[{\"@type\":\"WebPage\",\"@id\":\"https:\\\/\\\/www.yumrey.com\\\/fr\\\/produkt\\\/collier-soleil\\\/\",\"url\":\"https:\\\/\\\/www.yumrey.com\\\/fr\\\/produkt\\\/collier-soleil\\\/\",\"name\":\"COLLIER SOLEIL - YUMREY JEWELRY WARSAW\",\"isPartOf\":{\"@id\":\"https:\\\/\\\/www.yumrey.com\\\/#website\"},\"primaryImageOfPage\":{\"@id\":\"https:\\\/\\\/www.yumrey.com\\\/fr\\\/produkt\\\/collier-soleil\\\/#primaryimage\"},\"image\":{\"@id\":\"https:\\\/\\\/www.yumrey.com\\\/fr\\\/produkt\\\/collier-soleil\\\/#primaryimage\"},\"thumbnailUrl\":\"https:\\\/\\\/www.yumrey.com\\\/wp-content\\\/uploads\\\/2021\\\/05\\\/YUMREY_JEWELRY_NECKLACE_SOLEIL_001-scaled.jpg\",\"datePublished\":\"2021-05-27T18:40:30+00:00\",\"dateModified\":\"2023-04-19T14:27:08+00:00\",\"description\":\"COLLIER SOLEIL est un collier d\u00e9licat en forme d'olive, enti\u00e8rement en argent 925, avec un pendentif ovale au motif unique de soleil.\",\"breadcrumb\":{\"@id\":\"https:\\\/\\\/www.yumrey.com\\\/fr\\\/produkt\\\/collier-soleil\\\/#breadcrumb\"},\"inLanguage\":\"fr-FR\",\"potentialAction\":[{\"@type\":\"ReadAction\",\"target\":[\"https:\\\/\\\/www.yumrey.com\\\/fr\\\/produkt\\\/collier-soleil\\\/\"]}]},{\"@type\":\"ImageObject\",\"inLanguage\":\"fr-FR\",\"@id\":\"https:\\\/\\\/www.yumrey.com\\\/fr\\\/produkt\\\/collier-soleil\\\/#primaryimage\",\"url\":\"https:\\\/\\\/www.yumrey.com\\\/wp-content\\\/uploads\\\/2021\\\/05\\\/YUMREY_JEWELRY_NECKLACE_SOLEIL_001-scaled.jpg\",\"contentUrl\":\"https:\\\/\\\/www.yumrey.com\\\/wp-content\\\/uploads\\\/2021\\\/05\\\/YUMREY_JEWELRY_NECKLACE_SOLEIL_001-scaled.jpg\",\"width\":2560,\"height\":2560,\"caption\":\"YUMREY_JEWELRY_NECKLACE_SOLEIL_001\"},{\"@type\":\"BreadcrumbList\",\"@id\":\"https:\\\/\\\/www.yumrey.com\\\/fr\\\/produkt\\\/collier-soleil\\\/#breadcrumb\",\"itemListElement\":[{\"@type\":\"ListItem\",\"position\":1,\"name\":\"Page d'accueil\",\"item\":\"https:\\\/\\\/www.yumrey.com\\\/fr\\\/home\\\/\"},{\"@type\":\"ListItem\",\"position\":2,\"name\":\"Bi\u017cuteria srebrna. Pier\u015bcionki, kolczyki, naszyjniki, bransoletki. Srebro 925. Jako\u015b\u0107 premium. Unisex. YUMREY JEWELRY WARSAW\",\"item\":\"https:\\\/\\\/www.yumrey.com\\\/sklep\\\/\"},{\"@type\":\"ListItem\",\"position\":3,\"name\":\"COLLIER SOLEIL\"}]},{\"@type\":\"WebSite\",\"@id\":\"https:\\\/\\\/www.yumrey.com\\\/#website\",\"url\":\"https:\\\/\\\/www.yumrey.com\\\/\",\"name\":\"YUMREY JEWELRY\",\"description\":\"HANDCRAFTED PREMIUM JEWELRY\",\"publisher\":{\"@id\":\"https:\\\/\\\/www.yumrey.com\\\/#organization\"},\"potentialAction\":[{\"@type\":\"SearchAction\",\"target\":{\"@type\":\"EntryPoint\",\"urlTemplate\":\"https:\\\/\\\/www.yumrey.com\\\/?s={search_term_string}\"},\"query-input\":{\"@type\":\"PropertyValueSpecification\",\"valueRequired\":true,\"valueName\":\"search_term_string\"}}],\"inLanguage\":\"fr-FR\"},{\"@type\":\"Organization\",\"@id\":\"https:\\\/\\\/www.yumrey.com\\\/#organization\",\"name\":\"YUMREY\",\"url\":\"https:\\\/\\\/www.yumrey.com\\\/\",\"logo\":{\"@type\":\"ImageObject\",\"inLanguage\":\"fr-FR\",\"@id\":\"https:\\\/\\\/www.yumrey.com\\\/#\\\/schema\\\/logo\\\/image\\\/\",\"url\":\"https:\\\/\\\/www.yumrey.com\\\/wp-content\\\/uploads\\\/2021\\\/04\\\/cropped-cropped-YUM-LOGO-SQUARE.jpg\",\"contentUrl\":\"https:\\\/\\\/www.yumrey.com\\\/wp-content\\\/uploads\\\/2021\\\/04\\\/cropped-cropped-YUM-LOGO-SQUARE.jpg\",\"width\":80,\"height\":80,\"caption\":\"YUMREY\"},\"image\":{\"@id\":\"https:\\\/\\\/www.yumrey.com\\\/#\\\/schema\\\/logo\\\/image\\\/\"},\"sameAs\":[\"https:\\\/\\\/www.facebook.com\\\/yumreyofficial\\\/\",\"https:\\\/\\\/www.instagram.com\\\/yumreyofficial\\\/\",\"https:\\\/\\\/pl.pinterest.com\\\/yumrey_official\\\/_created\\\/\",\"https:\\\/\\\/www.youtube.com\\\/channel\\\/UCIAzL8fPJRTp_t69UXk9pdQ\"]}]}<\/script>\n<!-- \/ Yoast SEO plugin. -->","yoast_head_json":{"title":"COLLIER SOLEIL - YUMREY JEWELRY WARSAW","description":"COLLIER SOLEIL est un collier d\u00e9licat en forme d'olive, enti\u00e8rement en argent 925, avec un pendentif ovale au motif unique de soleil.","robots":{"index":"index","follow":"follow","max-snippet":"max-snippet:-1","max-image-preview":"max-image-preview:large","max-video-preview":"max-video-preview:-1"},"canonical":"https:\/\/www.yumrey.com\/fr\/produkt\/collier-soleil\/","og_locale":"fr_FR","og_type":"article","og_title":"COLLIER SOLEIL","og_description":"Un ensemble avec un collier en argent sterling en forme d'olives et un m\u00e9daillon avec un motif de soleil.Le tout en argent 925.","og_url":"https:\/\/www.yumrey.com\/fr\/produkt\/collier-soleil\/","og_site_name":"YUMREY","article_publisher":"https:\/\/www.facebook.com\/yumreyofficial\/","article_modified_time":"2023-04-19T14:27:08+00:00","og_image":[{"url":"https:\/\/www.yumrey.com\/wp-content\/uploads\/2021\/12\/YUMREY-SOLEIL-PACKAGE-1.jpg","type":"","width":"","height":""}],"twitter_card":"summary_large_image","twitter_title":"COLLIER SOLEIL","twitter_description":"Un ensemble avec un collier en argent sterling en forme d'olives et un m\u00e9daillon avec un motif de soleil.Le tout en argent 925.","twitter_image":"https:\/\/www.yumrey.com\/wp-content\/uploads\/2021\/12\/YUMREY-SOLEIL-PACKAGE-1.jpg","twitter_misc":{"Dur\u00e9e de lecture estim\u00e9e":"1 minute"},"schema":{"@context":"https:\/\/schema.org","@graph":[{"@type":"WebPage","@id":"https:\/\/www.yumrey.com\/fr\/produkt\/collier-soleil\/","url":"https:\/\/www.yumrey.com\/fr\/produkt\/collier-soleil\/","name":"COLLIER SOLEIL - YUMREY JEWELRY WARSAW","isPartOf":{"@id":"https:\/\/www.yumrey.com\/#website"},"primaryImageOfPage":{"@id":"https:\/\/www.yumrey.com\/fr\/produkt\/collier-soleil\/#primaryimage"},"image":{"@id":"https:\/\/www.yumrey.com\/fr\/produkt\/collier-soleil\/#primaryimage"},"thumbnailUrl":"https:\/\/www.yumrey.com\/wp-content\/uploads\/2021\/05\/YUMREY_JEWELRY_NECKLACE_SOLEIL_001-scaled.jpg","datePublished":"2021-05-27T18:40:30+00:00","dateModified":"2023-04-19T14:27:08+00:00","description":"COLLIER SOLEIL est un collier d\u00e9licat en forme d'olive, enti\u00e8rement en argent 925, avec un pendentif ovale au motif unique de soleil.","breadcrumb":{"@id":"https:\/\/www.yumrey.com\/fr\/produkt\/collier-soleil\/#breadcrumb"},"inLanguage":"fr-FR","potentialAction":[{"@type":"ReadAction","target":["https:\/\/www.yumrey.com\/fr\/produkt\/collier-soleil\/"]}]},{"@type":"ImageObject","inLanguage":"fr-FR","@id":"https:\/\/www.yumrey.com\/fr\/produkt\/collier-soleil\/#primaryimage","url":"https:\/\/www.yumrey.com\/wp-content\/uploads\/2021\/05\/YUMREY_JEWELRY_NECKLACE_SOLEIL_001-scaled.jpg","contentUrl":"https:\/\/www.yumrey.com\/wp-content\/uploads\/2021\/05\/YUMREY_JEWELRY_NECKLACE_SOLEIL_001-scaled.jpg","width":2560,"height":2560,"caption":"YUMREY_JEWELRY_NECKLACE_SOLEIL_001"},{"@type":"BreadcrumbList","@id":"https:\/\/www.yumrey.com\/fr\/produkt\/collier-soleil\/#breadcrumb","itemListElement":[{"@type":"ListItem","position":1,"name":"Page d'accueil","item":"https:\/\/www.yumrey.com\/fr\/home\/"},{"@type":"ListItem","position":2,"name":"Bi\u017cuteria srebrna. Pier\u015bcionki, kolczyki, naszyjniki, bransoletki. Srebro 925. Jako\u015b\u0107 premium. Unisex. YUMREY JEWELRY WARSAW","item":"https:\/\/www.yumrey.com\/sklep\/"},{"@type":"ListItem","position":3,"name":"COLLIER SOLEIL"}]},{"@type":"WebSite","@id":"https:\/\/www.yumrey.com\/#website","url":"https:\/\/www.yumrey.com\/","name":"YUMREY JEWELRY","description":"HANDCRAFTED PREMIUM JEWELRY","publisher":{"@id":"https:\/\/www.yumrey.com\/#organization"},"potentialAction":[{"@type":"SearchAction","target":{"@type":"EntryPoint","urlTemplate":"https:\/\/www.yumrey.com\/?s={search_term_string}"},"query-input":{"@type":"PropertyValueSpecification","valueRequired":true,"valueName":"search_term_string"}}],"inLanguage":"fr-FR"},{"@type":"Organization","@id":"https:\/\/www.yumrey.com\/#organization","name":"YUMREY","url":"https:\/\/www.yumrey.com\/","logo":{"@type":"ImageObject","inLanguage":"fr-FR","@id":"https:\/\/www.yumrey.com\/#\/schema\/logo\/image\/","url":"https:\/\/www.yumrey.com\/wp-content\/uploads\/2021\/04\/cropped-cropped-YUM-LOGO-SQUARE.jpg","contentUrl":"https:\/\/www.yumrey.com\/wp-content\/uploads\/2021\/04\/cropped-cropped-YUM-LOGO-SQUARE.jpg","width":80,"height":80,"caption":"YUMREY"},"image":{"@id":"https:\/\/www.yumrey.com\/#\/schema\/logo\/image\/"},"sameAs":["https:\/\/www.facebook.com\/yumreyofficial\/","https:\/\/www.instagram.com\/yumreyofficial\/","https:\/\/pl.pinterest.com\/yumrey_official\/_created\/","https:\/\/www.youtube.com\/channel\/UCIAzL8fPJRTp_t69UXk9pdQ"]}]}},"_links":{"self":[{"href":"https:\/\/www.yumrey.com\/fr\/wp-json\/wp\/v2\/product\/8207","targetHints":{"allow":["GET"]}}],"collection":[{"href":"https:\/\/www.yumrey.com\/fr\/wp-json\/wp\/v2\/product"}],"about":[{"href":"https:\/\/www.yumrey.com\/fr\/wp-json\/wp\/v2\/types\/product"}],"wp:featuredmedia":[{"embeddable":true,"href":"https:\/\/www.yumrey.com\/fr\/wp-json\/wp\/v2\/media\/14578"}],"wp:attachment":[{"href":"https:\/\/www.yumrey.com\/fr\/wp-json\/wp\/v2\/media?parent=8207"}],"wp:term":[{"taxonomy":"product_brand","embeddable":true,"href":"https:\/\/www.yumrey.com\/fr\/wp-json\/wp\/v2\/product_brand?post=8207"},{"taxonomy":"product_cat","embeddable":true,"href":"https:\/\/www.yumrey.com\/fr\/wp-json\/wp\/v2\/product_cat?post=8207"},{"taxonomy":"product_tag","embeddable":true,"href":"https:\/\/www.yumrey.com\/fr\/wp-json\/wp\/v2\/product_tag?post=8207"}],"curies":[{"name":"wp","href":"https:\/\/api.w.org\/{rel}","templated":true}]}}