{"id":8164,"date":"2021-05-27T20:38:09","date_gmt":"2021-05-27T18:38:09","guid":{"rendered":"https:\/\/www.yumrey.com\/produkt\/collier-de-minotaures\/"},"modified":"2025-08-05T20:46:27","modified_gmt":"2025-08-05T18:46:27","slug":"minotaure-collier","status":"publish","type":"product","link":"https:\/\/www.yumrey.com\/fr\/produit\/minotaure-collier\/","title":{"rendered":"COLLIER MINOTAUR"},"content":{"rendered":"<p>Un collier inspir\u00e9 de la mythologie grecque. Il peut \u00eatre port\u00e9 de chaque c\u00f4t\u00e9. Pendentif avec l&#8217;image d&#8217;un minotaure sur le devant et un labyrinthe sur le revers. Un pendentif unique, original et ancien en forme de pi\u00e8ce de monnaie. D\u00e9licat collier de serpent \u00e9l\u00e9gant inclus. Le collier comporte une plaque argent\u00e9e portant le logo YUMREY au niveau du fermoir. Tout est fait en argent 925.<\/p>\n<p>Le labyrinthe est un symbole de la raison et de la sagesse. Le minotaure est g\u00e9n\u00e9ralement repr\u00e9sent\u00e9 comme un homme avec la t\u00eate d&#8217;un taureau. Notre collier en argent sterling avec le symbolisme du labyrinthe est aussi un symbole de pers\u00e9v\u00e9rance pour atteindre tes objectifs. Elle symbolise la lutte contre ses propres faiblesses et la recherche d&#8217;un moyen de r\u00e9soudre les probl\u00e8mes qui nous accablent. Une cha\u00eene avec un pendentif minotaure peut \u00eatre associ\u00e9e \u00e0 un symbole de f\u00e9rocit\u00e9.<\/p>\n<p>Voir le collier sans pendentif <a href=\"https:\/\/www.yumrey.com\/fr\/produit\/minotaure-collier\/\">MINOTAUR<\/a><\/p>\n<p><em>Suis notre profil sur <a href=\"https:\/\/www.instagram.com\/p\/CTSVgp-Ijru\/\">Instagram<\/a><\/em><\/p>\n<p>Les bijoux sont emball\u00e9s dans une bo\u00eete cadeau \u00e9l\u00e9gante avec le logo YUMREY. Nous avons produit l&#8217;emballage en tenant compte de l&#8217;environnement. Nous avons \u00e9limin\u00e9 la plupart du plastique des sacs et r\u00e9duit la teneur en plastique des bo\u00eetes. Les bo\u00eetes sont fabriqu\u00e9es \u00e0 partir de papier recycl\u00e9 certifi\u00e9 FSC.<\/p>\n<p>D\u00e9lai de livraison standard : 1 \u00e0 4 jours.<\/p>\n<h6><em>Nos produits sont fabriqu\u00e9s avec des mat\u00e9riaux de la meilleure qualit\u00e9. Fabriqu\u00e9 enti\u00e8rement en argent 925. Au fil des ann\u00e9es de d\u00e9veloppement de l&#8217;art de la bijouterie, c&#8217;est l&#8217;\u00e9chantillon 925 qui s&#8217;est av\u00e9r\u00e9 \u00eatre la valeur optimale sur le rapport entre l&#8217;argent et les autres adjuvants de la bijouterie. Lorsque tu choisis nos bijoux en argent avec la d\u00e9signation &#8220;925&#8221;, tu es donc assur\u00e9 d&#8217;avoir affaire \u00e0 un alliage avec une tr\u00e8s haute teneur en argent et une bonne durabilit\u00e9 en m\u00eame temps. Le produit restera avec toi pendant des ann\u00e9es.<\/em><\/h6>\n","protected":false},"excerpt":{"rendered":"<p>Un collier inspir\u00e9 de la mythologie grecque. Il peut \u00eatre port\u00e9 de chaque c\u00f4t\u00e9. Pendentif avec l&#8217;image d&#8217;un minotaure sur le devant et un labyrinthe sur le revers. Argent 925.<\/p>\n","protected":false},"featured_media":6601,"template":"","meta":[],"product_brand":[],"product_cat":[331],"product_tag":[363],"class_list":{"0":"post-8164","1":"product","2":"type-product","3":"status-publish","4":"has-post-thumbnail","6":"product_cat-collier","7":"product_tag-collier","9":"first","10":"outofstock","11":"sale","12":"shipping-taxable","13":"purchasable","14":"product-type-simple"},"yoast_head":"<!-- This site is optimized with the Yoast SEO plugin v27.4 - https:\/\/yoast.com\/product\/yoast-seo-wordpress\/ -->\n<title>COLLIER MINOTAUR - YUMREY<\/title>\n<meta name=\"description\" content=\"Un collier inspir\u00e9 de la mythologie grecque. Il peut \u00eatre port\u00e9 de chaque c\u00f4t\u00e9. Pendentif avec l&#039;image d&#039;un minotaure sur le devant et un labyrinthe sur le revers.\" \/>\n<meta name=\"robots\" content=\"index, follow, max-snippet:-1, max-image-preview:large, max-video-preview:-1\" \/>\n<link rel=\"canonical\" href=\"https:\/\/www.yumrey.com\/fr\/produit\/minotaure-collier\/\" \/>\n<meta property=\"og:locale\" content=\"fr_FR\" \/>\n<meta property=\"og:type\" content=\"article\" \/>\n<meta property=\"og:title\" content=\"COLLIER DE MINOTAURES\" \/>\n<meta property=\"og:description\" content=\"Un collier inspir\u00e9 de la mythologie grecque. Il peut \u00eatre port\u00e9 de chaque c\u00f4t\u00e9. Pendentif avec l&#039;image d&#039;un minotaure sur le devant et un labyrinthe sur le revers.\" \/>\n<meta property=\"og:url\" content=\"https:\/\/www.yumrey.com\/fr\/produit\/minotaure-collier\/\" \/>\n<meta property=\"og:site_name\" content=\"YUMREY\" \/>\n<meta property=\"article:publisher\" content=\"https:\/\/www.facebook.com\/yumreyofficial\/\" \/>\n<meta property=\"article:modified_time\" content=\"2025-08-05T18:46:27+00:00\" \/>\n<meta property=\"og:image\" content=\"https:\/\/www.yumrey.com\/wp-content\/uploads\/2021\/12\/YUMREY-MINOTAUR-5.jpg\" \/>\n<meta name=\"twitter:card\" content=\"summary_large_image\" \/>\n<meta name=\"twitter:title\" content=\"COLLIER DE MINOTAURES\" \/>\n<meta name=\"twitter:description\" content=\"Un collier inspir\u00e9 de la mythologie grecque. Il peut \u00eatre port\u00e9 de chaque c\u00f4t\u00e9. Pendentif avec l&#039;image d&#039;un minotaure sur le devant et un labyrinthe sur le revers.\" \/>\n<meta name=\"twitter:image\" content=\"https:\/\/www.yumrey.com\/wp-content\/uploads\/2021\/12\/YUMREY-MINOTAUR-5.jpg\" \/>\n<meta name=\"twitter:label1\" content=\"Dur\u00e9e de lecture estim\u00e9e\" \/>\n\t<meta name=\"twitter:data1\" content=\"2 minutes\" \/>\n<script type=\"application\/ld+json\" class=\"yoast-schema-graph\">{\"@context\":\"https:\\\/\\\/schema.org\",\"@graph\":[{\"@type\":\"WebPage\",\"@id\":\"https:\\\/\\\/www.yumrey.com\\\/fr\\\/produit\\\/minotaure-collier\\\/\",\"url\":\"https:\\\/\\\/www.yumrey.com\\\/fr\\\/produit\\\/minotaure-collier\\\/\",\"name\":\"COLLIER MINOTAUR - YUMREY\",\"isPartOf\":{\"@id\":\"https:\\\/\\\/www.yumrey.com\\\/#website\"},\"primaryImageOfPage\":{\"@id\":\"https:\\\/\\\/www.yumrey.com\\\/fr\\\/produit\\\/minotaure-collier\\\/#primaryimage\"},\"image\":{\"@id\":\"https:\\\/\\\/www.yumrey.com\\\/fr\\\/produit\\\/minotaure-collier\\\/#primaryimage\"},\"thumbnailUrl\":\"https:\\\/\\\/www.yumrey.com\\\/wp-content\\\/uploads\\\/2021\\\/05\\\/YUMREY-NOWE-PRODUKTY00272-scaled.jpg\",\"datePublished\":\"2021-05-27T18:38:09+00:00\",\"dateModified\":\"2025-08-05T18:46:27+00:00\",\"description\":\"Un collier inspir\u00e9 de la mythologie grecque. Il peut \u00eatre port\u00e9 de chaque c\u00f4t\u00e9. Pendentif avec l'image d'un minotaure sur le devant et un labyrinthe sur le revers.\",\"breadcrumb\":{\"@id\":\"https:\\\/\\\/www.yumrey.com\\\/fr\\\/produit\\\/minotaure-collier\\\/#breadcrumb\"},\"inLanguage\":\"fr-FR\",\"potentialAction\":[{\"@type\":\"ReadAction\",\"target\":[\"https:\\\/\\\/www.yumrey.com\\\/fr\\\/produit\\\/minotaure-collier\\\/\"]}]},{\"@type\":\"ImageObject\",\"inLanguage\":\"fr-FR\",\"@id\":\"https:\\\/\\\/www.yumrey.com\\\/fr\\\/produit\\\/minotaure-collier\\\/#primaryimage\",\"url\":\"https:\\\/\\\/www.yumrey.com\\\/wp-content\\\/uploads\\\/2021\\\/05\\\/YUMREY-NOWE-PRODUKTY00272-scaled.jpg\",\"contentUrl\":\"https:\\\/\\\/www.yumrey.com\\\/wp-content\\\/uploads\\\/2021\\\/05\\\/YUMREY-NOWE-PRODUKTY00272-scaled.jpg\",\"width\":2560,\"height\":2560,\"caption\":\"yumrey srebrny rose naszyjnik silver 925 jewelry warszawa minotaur maze labirynt necklace\"},{\"@type\":\"BreadcrumbList\",\"@id\":\"https:\\\/\\\/www.yumrey.com\\\/fr\\\/produit\\\/minotaure-collier\\\/#breadcrumb\",\"itemListElement\":[{\"@type\":\"ListItem\",\"position\":1,\"name\":\"Page d'accueil\",\"item\":\"https:\\\/\\\/www.yumrey.com\\\/fr\\\/home\\\/\"},{\"@type\":\"ListItem\",\"position\":2,\"name\":\"Bi\u017cuteria srebrna. Pier\u015bcionki, kolczyki, naszyjniki, bransoletki. Srebro 925. Jako\u015b\u0107 premium. Unisex. YUMREY JEWELRY WARSAW\",\"item\":\"https:\\\/\\\/www.yumrey.com\\\/sklep\\\/\"},{\"@type\":\"ListItem\",\"position\":3,\"name\":\"COLLIER MINOTAUR\"}]},{\"@type\":\"WebSite\",\"@id\":\"https:\\\/\\\/www.yumrey.com\\\/#website\",\"url\":\"https:\\\/\\\/www.yumrey.com\\\/\",\"name\":\"YUMREY JEWELRY\",\"description\":\"HANDCRAFTED PREMIUM JEWELRY\",\"publisher\":{\"@id\":\"https:\\\/\\\/www.yumrey.com\\\/#organization\"},\"potentialAction\":[{\"@type\":\"SearchAction\",\"target\":{\"@type\":\"EntryPoint\",\"urlTemplate\":\"https:\\\/\\\/www.yumrey.com\\\/?s={search_term_string}\"},\"query-input\":{\"@type\":\"PropertyValueSpecification\",\"valueRequired\":true,\"valueName\":\"search_term_string\"}}],\"inLanguage\":\"fr-FR\"},{\"@type\":\"Organization\",\"@id\":\"https:\\\/\\\/www.yumrey.com\\\/#organization\",\"name\":\"YUMREY\",\"url\":\"https:\\\/\\\/www.yumrey.com\\\/\",\"logo\":{\"@type\":\"ImageObject\",\"inLanguage\":\"fr-FR\",\"@id\":\"https:\\\/\\\/www.yumrey.com\\\/#\\\/schema\\\/logo\\\/image\\\/\",\"url\":\"https:\\\/\\\/www.yumrey.com\\\/wp-content\\\/uploads\\\/2021\\\/04\\\/cropped-cropped-YUM-LOGO-SQUARE.jpg\",\"contentUrl\":\"https:\\\/\\\/www.yumrey.com\\\/wp-content\\\/uploads\\\/2021\\\/04\\\/cropped-cropped-YUM-LOGO-SQUARE.jpg\",\"width\":80,\"height\":80,\"caption\":\"YUMREY\"},\"image\":{\"@id\":\"https:\\\/\\\/www.yumrey.com\\\/#\\\/schema\\\/logo\\\/image\\\/\"},\"sameAs\":[\"https:\\\/\\\/www.facebook.com\\\/yumreyofficial\\\/\",\"https:\\\/\\\/www.instagram.com\\\/yumreyofficial\\\/\",\"https:\\\/\\\/pl.pinterest.com\\\/yumrey_official\\\/_created\\\/\",\"https:\\\/\\\/www.youtube.com\\\/channel\\\/UCIAzL8fPJRTp_t69UXk9pdQ\"]}]}<\/script>\n<!-- \/ Yoast SEO plugin. -->","yoast_head_json":{"title":"COLLIER MINOTAUR - YUMREY","description":"Un collier inspir\u00e9 de la mythologie grecque. Il peut \u00eatre port\u00e9 de chaque c\u00f4t\u00e9. Pendentif avec l'image d'un minotaure sur le devant et un labyrinthe sur le revers.","robots":{"index":"index","follow":"follow","max-snippet":"max-snippet:-1","max-image-preview":"max-image-preview:large","max-video-preview":"max-video-preview:-1"},"canonical":"https:\/\/www.yumrey.com\/fr\/produit\/minotaure-collier\/","og_locale":"fr_FR","og_type":"article","og_title":"COLLIER DE MINOTAURES","og_description":"Un collier inspir\u00e9 de la mythologie grecque. Il peut \u00eatre port\u00e9 de chaque c\u00f4t\u00e9. Pendentif avec l'image d'un minotaure sur le devant et un labyrinthe sur le revers.","og_url":"https:\/\/www.yumrey.com\/fr\/produit\/minotaure-collier\/","og_site_name":"YUMREY","article_publisher":"https:\/\/www.facebook.com\/yumreyofficial\/","article_modified_time":"2025-08-05T18:46:27+00:00","og_image":[{"url":"https:\/\/www.yumrey.com\/wp-content\/uploads\/2021\/12\/YUMREY-MINOTAUR-5.jpg","type":"","width":"","height":""}],"twitter_card":"summary_large_image","twitter_title":"COLLIER DE MINOTAURES","twitter_description":"Un collier inspir\u00e9 de la mythologie grecque. Il peut \u00eatre port\u00e9 de chaque c\u00f4t\u00e9. Pendentif avec l'image d'un minotaure sur le devant et un labyrinthe sur le revers.","twitter_image":"https:\/\/www.yumrey.com\/wp-content\/uploads\/2021\/12\/YUMREY-MINOTAUR-5.jpg","twitter_misc":{"Dur\u00e9e de lecture estim\u00e9e":"2 minutes"},"schema":{"@context":"https:\/\/schema.org","@graph":[{"@type":"WebPage","@id":"https:\/\/www.yumrey.com\/fr\/produit\/minotaure-collier\/","url":"https:\/\/www.yumrey.com\/fr\/produit\/minotaure-collier\/","name":"COLLIER MINOTAUR - YUMREY","isPartOf":{"@id":"https:\/\/www.yumrey.com\/#website"},"primaryImageOfPage":{"@id":"https:\/\/www.yumrey.com\/fr\/produit\/minotaure-collier\/#primaryimage"},"image":{"@id":"https:\/\/www.yumrey.com\/fr\/produit\/minotaure-collier\/#primaryimage"},"thumbnailUrl":"https:\/\/www.yumrey.com\/wp-content\/uploads\/2021\/05\/YUMREY-NOWE-PRODUKTY00272-scaled.jpg","datePublished":"2021-05-27T18:38:09+00:00","dateModified":"2025-08-05T18:46:27+00:00","description":"Un collier inspir\u00e9 de la mythologie grecque. Il peut \u00eatre port\u00e9 de chaque c\u00f4t\u00e9. Pendentif avec l'image d'un minotaure sur le devant et un labyrinthe sur le revers.","breadcrumb":{"@id":"https:\/\/www.yumrey.com\/fr\/produit\/minotaure-collier\/#breadcrumb"},"inLanguage":"fr-FR","potentialAction":[{"@type":"ReadAction","target":["https:\/\/www.yumrey.com\/fr\/produit\/minotaure-collier\/"]}]},{"@type":"ImageObject","inLanguage":"fr-FR","@id":"https:\/\/www.yumrey.com\/fr\/produit\/minotaure-collier\/#primaryimage","url":"https:\/\/www.yumrey.com\/wp-content\/uploads\/2021\/05\/YUMREY-NOWE-PRODUKTY00272-scaled.jpg","contentUrl":"https:\/\/www.yumrey.com\/wp-content\/uploads\/2021\/05\/YUMREY-NOWE-PRODUKTY00272-scaled.jpg","width":2560,"height":2560,"caption":"yumrey srebrny rose naszyjnik silver 925 jewelry warszawa minotaur maze labirynt necklace"},{"@type":"BreadcrumbList","@id":"https:\/\/www.yumrey.com\/fr\/produit\/minotaure-collier\/#breadcrumb","itemListElement":[{"@type":"ListItem","position":1,"name":"Page d'accueil","item":"https:\/\/www.yumrey.com\/fr\/home\/"},{"@type":"ListItem","position":2,"name":"Bi\u017cuteria srebrna. Pier\u015bcionki, kolczyki, naszyjniki, bransoletki. Srebro 925. Jako\u015b\u0107 premium. Unisex. YUMREY JEWELRY WARSAW","item":"https:\/\/www.yumrey.com\/sklep\/"},{"@type":"ListItem","position":3,"name":"COLLIER MINOTAUR"}]},{"@type":"WebSite","@id":"https:\/\/www.yumrey.com\/#website","url":"https:\/\/www.yumrey.com\/","name":"YUMREY JEWELRY","description":"HANDCRAFTED PREMIUM JEWELRY","publisher":{"@id":"https:\/\/www.yumrey.com\/#organization"},"potentialAction":[{"@type":"SearchAction","target":{"@type":"EntryPoint","urlTemplate":"https:\/\/www.yumrey.com\/?s={search_term_string}"},"query-input":{"@type":"PropertyValueSpecification","valueRequired":true,"valueName":"search_term_string"}}],"inLanguage":"fr-FR"},{"@type":"Organization","@id":"https:\/\/www.yumrey.com\/#organization","name":"YUMREY","url":"https:\/\/www.yumrey.com\/","logo":{"@type":"ImageObject","inLanguage":"fr-FR","@id":"https:\/\/www.yumrey.com\/#\/schema\/logo\/image\/","url":"https:\/\/www.yumrey.com\/wp-content\/uploads\/2021\/04\/cropped-cropped-YUM-LOGO-SQUARE.jpg","contentUrl":"https:\/\/www.yumrey.com\/wp-content\/uploads\/2021\/04\/cropped-cropped-YUM-LOGO-SQUARE.jpg","width":80,"height":80,"caption":"YUMREY"},"image":{"@id":"https:\/\/www.yumrey.com\/#\/schema\/logo\/image\/"},"sameAs":["https:\/\/www.facebook.com\/yumreyofficial\/","https:\/\/www.instagram.com\/yumreyofficial\/","https:\/\/pl.pinterest.com\/yumrey_official\/_created\/","https:\/\/www.youtube.com\/channel\/UCIAzL8fPJRTp_t69UXk9pdQ"]}]}},"_links":{"self":[{"href":"https:\/\/www.yumrey.com\/fr\/wp-json\/wp\/v2\/product\/8164","targetHints":{"allow":["GET"]}}],"collection":[{"href":"https:\/\/www.yumrey.com\/fr\/wp-json\/wp\/v2\/product"}],"about":[{"href":"https:\/\/www.yumrey.com\/fr\/wp-json\/wp\/v2\/types\/product"}],"wp:featuredmedia":[{"embeddable":true,"href":"https:\/\/www.yumrey.com\/fr\/wp-json\/wp\/v2\/media\/6601"}],"wp:attachment":[{"href":"https:\/\/www.yumrey.com\/fr\/wp-json\/wp\/v2\/media?parent=8164"}],"wp:term":[{"taxonomy":"product_brand","embeddable":true,"href":"https:\/\/www.yumrey.com\/fr\/wp-json\/wp\/v2\/product_brand?post=8164"},{"taxonomy":"product_cat","embeddable":true,"href":"https:\/\/www.yumrey.com\/fr\/wp-json\/wp\/v2\/product_cat?post=8164"},{"taxonomy":"product_tag","embeddable":true,"href":"https:\/\/www.yumrey.com\/fr\/wp-json\/wp\/v2\/product_tag?post=8164"}],"curies":[{"name":"wp","href":"https:\/\/api.w.org\/{rel}","templated":true}]}}