{"id":8195,"date":"2021-05-27T20:38:09","date_gmt":"2021-05-27T18:38:09","guid":{"rendered":"https:\/\/www.yumrey.com\/produkt\/minotaur-necklace\/"},"modified":"2025-05-04T20:55:31","modified_gmt":"2025-05-04T18:55:31","slug":"minotaur-necklace","status":"publish","type":"product","link":"https:\/\/www.yumrey.com\/en\/product\/minotaur-necklace\/","title":{"rendered":"MINOTAUR NECKLACE"},"content":{"rendered":"<p>Necklace inspired by Greek mythology. It can be worn on both sides. Pendant with an image of a minotaur on the front and a maze on the reverse. A unique, original antique coin-shaped pendant. Delicate elegant snake necklace included. The necklace features the YUMREY logo&#8217;s signature silver plate at the clasp. All made of 925 silver.<\/p>\n<p>The labyrinth is a symbol of reason and wisdom. The minotaur is usually depicted as a man with the head of a bull. Our silver necklace with the symbolism of a labyrinth is also a symbol of persistent pursuit of goals. It symbolizes the struggle against one&#8217;s own weaknesses and the search for a way to solve the problems that plague us. A chain with a minotaur pendant can be associated with a symbol of fierceness.<\/p>\n<p>See necklace without pendant <a href=\"https:\/\/www.yumrey.com\/en\/product\/minotaur-necklace\/\">MINOTAUR<\/a><\/p>\n<p><em>Follow our profile on <a href=\"https:\/\/www.instagram.com\/p\/CTSVgp-Ijru\/\">Instagram<\/a><\/em><\/p>\n<p>The jewelry is packaged in an elegant gift box with the YUMREY logo. We produced the packaging with the environment in mind. We eliminated most of the plastic from the bags, and reduced the plastic content in the boxes. The boxes are made from FSC-certified, recycled paper.<\/p>\n<p>Standard shipping time of 1-4 days.<\/p>\n<h6><em>Our products are made of the best quality materials. Made entirely of 925 silver. Over the years of the development of the jewelry art, it is the 925 sample that has proven to be the optimal value on the ratio of silver to other jewelry admixtures. So when you choose our silver jewelry with the &#8220;925&#8221; designation, you can be sure that you are dealing with an alloy with a very high silver content and good durability at the same time. The product will stay with you for years to come.<\/em><\/h6>\n","protected":false},"excerpt":{"rendered":"<p>Necklace inspired by Greek mythology. It can be worn on both sides. Pendant with an image of a minotaur on the front and a maze on the reverse. 925 silver.<\/p>\n","protected":false},"featured_media":6600,"template":"","meta":[],"product_brand":[],"product_cat":[330],"product_tag":[362],"class_list":{"0":"post-8195","1":"product","2":"type-product","3":"status-publish","4":"has-post-thumbnail","6":"product_cat-necklace","7":"product_tag-necklace","9":"first","10":"outofstock","11":"sale","12":"shipping-taxable","13":"purchasable","14":"product-type-simple"},"yoast_head":"<!-- This site is optimized with the Yoast SEO plugin v27.4 - https:\/\/yoast.com\/product\/yoast-seo-wordpress\/ -->\n<title>MINOTAUR NECKLACE - YUMREY<\/title>\n<meta name=\"description\" content=\"Necklace inspired by Greek mythology. It can be worn on both sides. Pendant with an image of a minotaur on the front and a maze on the reverse.\" \/>\n<meta name=\"robots\" content=\"index, follow, max-snippet:-1, max-image-preview:large, max-video-preview:-1\" \/>\n<link rel=\"canonical\" href=\"https:\/\/www.yumrey.com\/en\/produkt\/minotaur-necklace\/\" \/>\n<meta property=\"og:locale\" content=\"en_US\" \/>\n<meta property=\"og:type\" content=\"article\" \/>\n<meta property=\"og:title\" content=\"MINOTAUR NECKLACE\" \/>\n<meta property=\"og:description\" content=\"Necklace inspired by Greek mythology. It can be worn on both sides. Pendant with an image of a minotaur on the front and a maze on the reverse.\" \/>\n<meta property=\"og:url\" content=\"https:\/\/www.yumrey.com\/en\/produkt\/minotaur-necklace\/\" \/>\n<meta property=\"og:site_name\" content=\"YUMREY\" \/>\n<meta property=\"article:publisher\" content=\"https:\/\/www.facebook.com\/yumreyofficial\/\" \/>\n<meta property=\"article:modified_time\" content=\"2025-05-04T18:55:31+00:00\" \/>\n<meta property=\"og:image\" content=\"https:\/\/www.yumrey.com\/wp-content\/uploads\/2021\/12\/YUMREY-MINOTAUR-5.jpg\" \/>\n<meta name=\"twitter:card\" content=\"summary_large_image\" \/>\n<meta name=\"twitter:title\" content=\"MINOTAUR NECKLACE\" \/>\n<meta name=\"twitter:description\" content=\"Necklace inspired by Greek mythology. It can be worn on both sides. Pendant with an image of a minotaur on the front and a maze on the reverse.\" \/>\n<meta name=\"twitter:image\" content=\"https:\/\/www.yumrey.com\/wp-content\/uploads\/2021\/12\/YUMREY-MINOTAUR-5.jpg\" \/>\n<meta name=\"twitter:label1\" content=\"Est. reading time\" \/>\n\t<meta name=\"twitter:data1\" content=\"1 minute\" \/>\n<script type=\"application\/ld+json\" class=\"yoast-schema-graph\">{\"@context\":\"https:\\\/\\\/schema.org\",\"@graph\":[{\"@type\":\"WebPage\",\"@id\":\"https:\\\/\\\/www.yumrey.com\\\/en\\\/produkt\\\/minotaur-necklace\\\/\",\"url\":\"https:\\\/\\\/www.yumrey.com\\\/en\\\/produkt\\\/minotaur-necklace\\\/\",\"name\":\"MINOTAUR NECKLACE - YUMREY\",\"isPartOf\":{\"@id\":\"https:\\\/\\\/www.yumrey.com\\\/#website\"},\"primaryImageOfPage\":{\"@id\":\"https:\\\/\\\/www.yumrey.com\\\/en\\\/produkt\\\/minotaur-necklace\\\/#primaryimage\"},\"image\":{\"@id\":\"https:\\\/\\\/www.yumrey.com\\\/en\\\/produkt\\\/minotaur-necklace\\\/#primaryimage\"},\"thumbnailUrl\":\"https:\\\/\\\/www.yumrey.com\\\/wp-content\\\/uploads\\\/2021\\\/05\\\/YUMREY-NOWE-PRODUKTY00272-scaled.jpg\",\"datePublished\":\"2021-05-27T18:38:09+00:00\",\"dateModified\":\"2025-05-04T18:55:31+00:00\",\"description\":\"Necklace inspired by Greek mythology. It can be worn on both sides. Pendant with an image of a minotaur on the front and a maze on the reverse.\",\"breadcrumb\":{\"@id\":\"https:\\\/\\\/www.yumrey.com\\\/en\\\/produkt\\\/minotaur-necklace\\\/#breadcrumb\"},\"inLanguage\":\"en-US\",\"potentialAction\":[{\"@type\":\"ReadAction\",\"target\":[\"https:\\\/\\\/www.yumrey.com\\\/en\\\/produkt\\\/minotaur-necklace\\\/\"]}]},{\"@type\":\"ImageObject\",\"inLanguage\":\"en-US\",\"@id\":\"https:\\\/\\\/www.yumrey.com\\\/en\\\/produkt\\\/minotaur-necklace\\\/#primaryimage\",\"url\":\"https:\\\/\\\/www.yumrey.com\\\/wp-content\\\/uploads\\\/2021\\\/05\\\/YUMREY-NOWE-PRODUKTY00272-scaled.jpg\",\"contentUrl\":\"https:\\\/\\\/www.yumrey.com\\\/wp-content\\\/uploads\\\/2021\\\/05\\\/YUMREY-NOWE-PRODUKTY00272-scaled.jpg\",\"width\":2560,\"height\":2560,\"caption\":\"yumrey srebrny rose naszyjnik silver 925 jewelry warszawa minotaur maze labirynt necklace\"},{\"@type\":\"BreadcrumbList\",\"@id\":\"https:\\\/\\\/www.yumrey.com\\\/en\\\/produkt\\\/minotaur-necklace\\\/#breadcrumb\",\"itemListElement\":[{\"@type\":\"ListItem\",\"position\":1,\"name\":\"Home page\",\"item\":\"https:\\\/\\\/www.yumrey.com\\\/en\\\/home\\\/\"},{\"@type\":\"ListItem\",\"position\":2,\"name\":\"Bi\u017cuteria srebrna. Pier\u015bcionki, kolczyki, naszyjniki, bransoletki. Srebro 925. Jako\u015b\u0107 premium. Unisex. YUMREY JEWELRY WARSAW\",\"item\":\"https:\\\/\\\/www.yumrey.com\\\/sklep\\\/\"},{\"@type\":\"ListItem\",\"position\":3,\"name\":\"MINOTAUR NECKLACE\"}]},{\"@type\":\"WebSite\",\"@id\":\"https:\\\/\\\/www.yumrey.com\\\/#website\",\"url\":\"https:\\\/\\\/www.yumrey.com\\\/\",\"name\":\"YUMREY JEWELRY\",\"description\":\"HANDCRAFTED PREMIUM JEWELRY\",\"publisher\":{\"@id\":\"https:\\\/\\\/www.yumrey.com\\\/#organization\"},\"potentialAction\":[{\"@type\":\"SearchAction\",\"target\":{\"@type\":\"EntryPoint\",\"urlTemplate\":\"https:\\\/\\\/www.yumrey.com\\\/?s={search_term_string}\"},\"query-input\":{\"@type\":\"PropertyValueSpecification\",\"valueRequired\":true,\"valueName\":\"search_term_string\"}}],\"inLanguage\":\"en-US\"},{\"@type\":\"Organization\",\"@id\":\"https:\\\/\\\/www.yumrey.com\\\/#organization\",\"name\":\"YUMREY\",\"url\":\"https:\\\/\\\/www.yumrey.com\\\/\",\"logo\":{\"@type\":\"ImageObject\",\"inLanguage\":\"en-US\",\"@id\":\"https:\\\/\\\/www.yumrey.com\\\/#\\\/schema\\\/logo\\\/image\\\/\",\"url\":\"https:\\\/\\\/www.yumrey.com\\\/wp-content\\\/uploads\\\/2021\\\/04\\\/cropped-cropped-YUM-LOGO-SQUARE.jpg\",\"contentUrl\":\"https:\\\/\\\/www.yumrey.com\\\/wp-content\\\/uploads\\\/2021\\\/04\\\/cropped-cropped-YUM-LOGO-SQUARE.jpg\",\"width\":80,\"height\":80,\"caption\":\"YUMREY\"},\"image\":{\"@id\":\"https:\\\/\\\/www.yumrey.com\\\/#\\\/schema\\\/logo\\\/image\\\/\"},\"sameAs\":[\"https:\\\/\\\/www.facebook.com\\\/yumreyofficial\\\/\",\"https:\\\/\\\/www.instagram.com\\\/yumreyofficial\\\/\",\"https:\\\/\\\/pl.pinterest.com\\\/yumrey_official\\\/_created\\\/\",\"https:\\\/\\\/www.youtube.com\\\/channel\\\/UCIAzL8fPJRTp_t69UXk9pdQ\"]}]}<\/script>\n<!-- \/ Yoast SEO plugin. -->","yoast_head_json":{"title":"MINOTAUR NECKLACE - YUMREY","description":"Necklace inspired by Greek mythology. It can be worn on both sides. Pendant with an image of a minotaur on the front and a maze on the reverse.","robots":{"index":"index","follow":"follow","max-snippet":"max-snippet:-1","max-image-preview":"max-image-preview:large","max-video-preview":"max-video-preview:-1"},"canonical":"https:\/\/www.yumrey.com\/en\/produkt\/minotaur-necklace\/","og_locale":"en_US","og_type":"article","og_title":"MINOTAUR NECKLACE","og_description":"Necklace inspired by Greek mythology. It can be worn on both sides. Pendant with an image of a minotaur on the front and a maze on the reverse.","og_url":"https:\/\/www.yumrey.com\/en\/produkt\/minotaur-necklace\/","og_site_name":"YUMREY","article_publisher":"https:\/\/www.facebook.com\/yumreyofficial\/","article_modified_time":"2025-05-04T18:55:31+00:00","og_image":[{"url":"https:\/\/www.yumrey.com\/wp-content\/uploads\/2021\/12\/YUMREY-MINOTAUR-5.jpg","type":"","width":"","height":""}],"twitter_card":"summary_large_image","twitter_title":"MINOTAUR NECKLACE","twitter_description":"Necklace inspired by Greek mythology. It can be worn on both sides. Pendant with an image of a minotaur on the front and a maze on the reverse.","twitter_image":"https:\/\/www.yumrey.com\/wp-content\/uploads\/2021\/12\/YUMREY-MINOTAUR-5.jpg","twitter_misc":{"Est. reading time":"1 minute"},"schema":{"@context":"https:\/\/schema.org","@graph":[{"@type":"WebPage","@id":"https:\/\/www.yumrey.com\/en\/produkt\/minotaur-necklace\/","url":"https:\/\/www.yumrey.com\/en\/produkt\/minotaur-necklace\/","name":"MINOTAUR NECKLACE - YUMREY","isPartOf":{"@id":"https:\/\/www.yumrey.com\/#website"},"primaryImageOfPage":{"@id":"https:\/\/www.yumrey.com\/en\/produkt\/minotaur-necklace\/#primaryimage"},"image":{"@id":"https:\/\/www.yumrey.com\/en\/produkt\/minotaur-necklace\/#primaryimage"},"thumbnailUrl":"https:\/\/www.yumrey.com\/wp-content\/uploads\/2021\/05\/YUMREY-NOWE-PRODUKTY00272-scaled.jpg","datePublished":"2021-05-27T18:38:09+00:00","dateModified":"2025-05-04T18:55:31+00:00","description":"Necklace inspired by Greek mythology. It can be worn on both sides. Pendant with an image of a minotaur on the front and a maze on the reverse.","breadcrumb":{"@id":"https:\/\/www.yumrey.com\/en\/produkt\/minotaur-necklace\/#breadcrumb"},"inLanguage":"en-US","potentialAction":[{"@type":"ReadAction","target":["https:\/\/www.yumrey.com\/en\/produkt\/minotaur-necklace\/"]}]},{"@type":"ImageObject","inLanguage":"en-US","@id":"https:\/\/www.yumrey.com\/en\/produkt\/minotaur-necklace\/#primaryimage","url":"https:\/\/www.yumrey.com\/wp-content\/uploads\/2021\/05\/YUMREY-NOWE-PRODUKTY00272-scaled.jpg","contentUrl":"https:\/\/www.yumrey.com\/wp-content\/uploads\/2021\/05\/YUMREY-NOWE-PRODUKTY00272-scaled.jpg","width":2560,"height":2560,"caption":"yumrey srebrny rose naszyjnik silver 925 jewelry warszawa minotaur maze labirynt necklace"},{"@type":"BreadcrumbList","@id":"https:\/\/www.yumrey.com\/en\/produkt\/minotaur-necklace\/#breadcrumb","itemListElement":[{"@type":"ListItem","position":1,"name":"Home page","item":"https:\/\/www.yumrey.com\/en\/home\/"},{"@type":"ListItem","position":2,"name":"Bi\u017cuteria srebrna. Pier\u015bcionki, kolczyki, naszyjniki, bransoletki. Srebro 925. Jako\u015b\u0107 premium. Unisex. YUMREY JEWELRY WARSAW","item":"https:\/\/www.yumrey.com\/sklep\/"},{"@type":"ListItem","position":3,"name":"MINOTAUR NECKLACE"}]},{"@type":"WebSite","@id":"https:\/\/www.yumrey.com\/#website","url":"https:\/\/www.yumrey.com\/","name":"YUMREY JEWELRY","description":"HANDCRAFTED PREMIUM JEWELRY","publisher":{"@id":"https:\/\/www.yumrey.com\/#organization"},"potentialAction":[{"@type":"SearchAction","target":{"@type":"EntryPoint","urlTemplate":"https:\/\/www.yumrey.com\/?s={search_term_string}"},"query-input":{"@type":"PropertyValueSpecification","valueRequired":true,"valueName":"search_term_string"}}],"inLanguage":"en-US"},{"@type":"Organization","@id":"https:\/\/www.yumrey.com\/#organization","name":"YUMREY","url":"https:\/\/www.yumrey.com\/","logo":{"@type":"ImageObject","inLanguage":"en-US","@id":"https:\/\/www.yumrey.com\/#\/schema\/logo\/image\/","url":"https:\/\/www.yumrey.com\/wp-content\/uploads\/2021\/04\/cropped-cropped-YUM-LOGO-SQUARE.jpg","contentUrl":"https:\/\/www.yumrey.com\/wp-content\/uploads\/2021\/04\/cropped-cropped-YUM-LOGO-SQUARE.jpg","width":80,"height":80,"caption":"YUMREY"},"image":{"@id":"https:\/\/www.yumrey.com\/#\/schema\/logo\/image\/"},"sameAs":["https:\/\/www.facebook.com\/yumreyofficial\/","https:\/\/www.instagram.com\/yumreyofficial\/","https:\/\/pl.pinterest.com\/yumrey_official\/_created\/","https:\/\/www.youtube.com\/channel\/UCIAzL8fPJRTp_t69UXk9pdQ"]}]}},"_links":{"self":[{"href":"https:\/\/www.yumrey.com\/en\/wp-json\/wp\/v2\/product\/8195","targetHints":{"allow":["GET"]}}],"collection":[{"href":"https:\/\/www.yumrey.com\/en\/wp-json\/wp\/v2\/product"}],"about":[{"href":"https:\/\/www.yumrey.com\/en\/wp-json\/wp\/v2\/types\/product"}],"wp:featuredmedia":[{"embeddable":true,"href":"https:\/\/www.yumrey.com\/en\/wp-json\/wp\/v2\/media\/6600"}],"wp:attachment":[{"href":"https:\/\/www.yumrey.com\/en\/wp-json\/wp\/v2\/media?parent=8195"}],"wp:term":[{"taxonomy":"product_brand","embeddable":true,"href":"https:\/\/www.yumrey.com\/en\/wp-json\/wp\/v2\/product_brand?post=8195"},{"taxonomy":"product_cat","embeddable":true,"href":"https:\/\/www.yumrey.com\/en\/wp-json\/wp\/v2\/product_cat?post=8195"},{"taxonomy":"product_tag","embeddable":true,"href":"https:\/\/www.yumrey.com\/en\/wp-json\/wp\/v2\/product_tag?post=8195"}],"curies":[{"name":"wp","href":"https:\/\/api.w.org\/{rel}","templated":true}]}}