{"id":10717,"date":"2024-04-19T12:00:15","date_gmt":"2024-04-19T10:00:15","guid":{"rendered":"https:\/\/www.yumrey.com\/?post_type=product&#038;p=10717"},"modified":"2025-08-05T20:41:15","modified_gmt":"2025-08-05T18:41:15","slug":"radiance-necklace","status":"publish","type":"product","link":"https:\/\/www.yumrey.com\/en\/product\/radiance-necklace\/","title":{"rendered":"RADIANCE NECKLACE"},"content":{"rendered":"<p>Radiance necklace made of surgical steel, 43 cm long, each chain ends with a plaque with the name YUMREY engraved, which can be used to adjust the necklace by 1 cm. The necklace is made of a delicate weave with a repeating sequence of a cross and a rhombus.<\/p>\n<p>Create your set from the ENDLESS SUMMER collection<\/p>\n<p>Check out our <a href=\"https:\/\/www.instagram.com\/yumreyofficial\/\">INSTAGRAM<\/a><\/p>\n<p>The jewelry is packed in an elegant gift box with the YUMREY logo. We produced the packaging with the environment in mind. We have eliminated most plastics from bags and reduced the plastic content in boxes. The boxes are made of recycled FSC-certified paper.<\/p>\n<p>Standard shipping time 1-4 days.<\/p>\n<h6>The product is made of the best quality material. Made of surgical steel, which has been considered the most durable material for years due to its durability and resistance to external conditions.<\/h6>\n","protected":false},"excerpt":{"rendered":"<p>Radiance necklace made of surgical steel, 43 cm long, each chain ends with a plaque with the name YUMREY engraved, which can be used to adjust the necklace by 1 cm. The necklace is made of a delicate weave with a repeating sequence of a cross and a rhombus.<\/p>\n","protected":false},"featured_media":9853,"template":"","meta":[],"product_brand":[],"product_cat":[569,330],"product_tag":[532,344,362,576,575,574],"class_list":{"0":"post-10717","1":"product","2":"type-product","3":"status-publish","4":"has-post-thumbnail","6":"product_cat-endless-summer-en","7":"product_cat-necklace","8":"product_tag-endless-summer-en","9":"product_tag-jewelry","10":"product_tag-necklace","11":"product_tag-splot-en","12":"product_tag-stal-chirurgiczna-en","13":"product_tag-stal-nierdzewna-en","15":"first","16":"instock","17":"sale","18":"shipping-taxable","19":"purchasable","20":"product-type-simple"},"yoast_head":"<!-- This site is optimized with the Yoast SEO plugin v27.4 - https:\/\/yoast.com\/product\/yoast-seo-wordpress\/ -->\n<title>RADIANCE NECKLACE - YUMREY<\/title>\n<meta name=\"description\" content=\"Radiance necklace made of surgical steel. The necklace is made of a delicate weave with a repeating sequence of a cross and a rhombus.\" \/>\n<meta name=\"robots\" content=\"index, follow, max-snippet:-1, max-image-preview:large, max-video-preview:-1\" \/>\n<link rel=\"canonical\" href=\"https:\/\/www.yumrey.com\/en\/product\/radiance-necklace\/\" \/>\n<meta property=\"og:locale\" content=\"en_US\" \/>\n<meta property=\"og:type\" content=\"article\" \/>\n<meta property=\"og:title\" content=\"RADIANCE NECKLACE - YUMREY\" \/>\n<meta property=\"og:description\" content=\"Radiance necklace made of surgical steel. The necklace is made of a delicate weave with a repeating sequence of a cross and a rhombus.\" \/>\n<meta property=\"og:url\" content=\"https:\/\/www.yumrey.com\/en\/product\/radiance-necklace\/\" \/>\n<meta property=\"og:site_name\" content=\"YUMREY\" \/>\n<meta property=\"article:publisher\" content=\"https:\/\/www.facebook.com\/yumreyofficial\/\" \/>\n<meta property=\"article:modified_time\" content=\"2025-08-05T18:41:15+00:00\" \/>\n<meta property=\"og:image\" content=\"https:\/\/www.yumrey.com\/wp-content\/uploads\/2024\/04\/DSCF7816-1-scaled.jpg\" \/>\n\t<meta property=\"og:image:width\" content=\"2560\" \/>\n\t<meta property=\"og:image:height\" content=\"2560\" \/>\n\t<meta property=\"og:image:type\" content=\"image\/jpeg\" \/>\n<meta name=\"twitter:card\" content=\"summary_large_image\" \/>\n<meta name=\"twitter:label1\" content=\"Est. reading time\" \/>\n\t<meta name=\"twitter:data1\" content=\"1 minute\" \/>\n<script type=\"application\/ld+json\" class=\"yoast-schema-graph\">{\"@context\":\"https:\\\/\\\/schema.org\",\"@graph\":[{\"@type\":\"WebPage\",\"@id\":\"https:\\\/\\\/www.yumrey.com\\\/en\\\/product\\\/radiance-necklace\\\/\",\"url\":\"https:\\\/\\\/www.yumrey.com\\\/en\\\/product\\\/radiance-necklace\\\/\",\"name\":\"RADIANCE NECKLACE - YUMREY\",\"isPartOf\":{\"@id\":\"https:\\\/\\\/www.yumrey.com\\\/#website\"},\"primaryImageOfPage\":{\"@id\":\"https:\\\/\\\/www.yumrey.com\\\/en\\\/product\\\/radiance-necklace\\\/#primaryimage\"},\"image\":{\"@id\":\"https:\\\/\\\/www.yumrey.com\\\/en\\\/product\\\/radiance-necklace\\\/#primaryimage\"},\"thumbnailUrl\":\"https:\\\/\\\/www.yumrey.com\\\/wp-content\\\/uploads\\\/2024\\\/04\\\/DSCF7816-1-scaled.jpg\",\"datePublished\":\"2024-04-19T10:00:15+00:00\",\"dateModified\":\"2025-08-05T18:41:15+00:00\",\"description\":\"Radiance necklace made of surgical steel. The necklace is made of a delicate weave with a repeating sequence of a cross and a rhombus.\",\"breadcrumb\":{\"@id\":\"https:\\\/\\\/www.yumrey.com\\\/en\\\/product\\\/radiance-necklace\\\/#breadcrumb\"},\"inLanguage\":\"en-US\",\"potentialAction\":[{\"@type\":\"ReadAction\",\"target\":[\"https:\\\/\\\/www.yumrey.com\\\/en\\\/product\\\/radiance-necklace\\\/\"]}]},{\"@type\":\"ImageObject\",\"inLanguage\":\"en-US\",\"@id\":\"https:\\\/\\\/www.yumrey.com\\\/en\\\/product\\\/radiance-necklace\\\/#primaryimage\",\"url\":\"https:\\\/\\\/www.yumrey.com\\\/wp-content\\\/uploads\\\/2024\\\/04\\\/DSCF7816-1-scaled.jpg\",\"contentUrl\":\"https:\\\/\\\/www.yumrey.com\\\/wp-content\\\/uploads\\\/2024\\\/04\\\/DSCF7816-1-scaled.jpg\",\"width\":2560,\"height\":2560},{\"@type\":\"BreadcrumbList\",\"@id\":\"https:\\\/\\\/www.yumrey.com\\\/en\\\/product\\\/radiance-necklace\\\/#breadcrumb\",\"itemListElement\":[{\"@type\":\"ListItem\",\"position\":1,\"name\":\"Home page\",\"item\":\"https:\\\/\\\/www.yumrey.com\\\/en\\\/home\\\/\"},{\"@type\":\"ListItem\",\"position\":2,\"name\":\"Bi\u017cuteria srebrna. Pier\u015bcionki, kolczyki, naszyjniki, bransoletki. Srebro 925. Jako\u015b\u0107 premium. Unisex. YUMREY JEWELRY WARSAW\",\"item\":\"https:\\\/\\\/www.yumrey.com\\\/sklep\\\/\"},{\"@type\":\"ListItem\",\"position\":3,\"name\":\"RADIANCE NECKLACE\"}]},{\"@type\":\"WebSite\",\"@id\":\"https:\\\/\\\/www.yumrey.com\\\/#website\",\"url\":\"https:\\\/\\\/www.yumrey.com\\\/\",\"name\":\"YUMREY JEWELRY\",\"description\":\"HANDCRAFTED PREMIUM JEWELRY\",\"publisher\":{\"@id\":\"https:\\\/\\\/www.yumrey.com\\\/#organization\"},\"potentialAction\":[{\"@type\":\"SearchAction\",\"target\":{\"@type\":\"EntryPoint\",\"urlTemplate\":\"https:\\\/\\\/www.yumrey.com\\\/?s={search_term_string}\"},\"query-input\":{\"@type\":\"PropertyValueSpecification\",\"valueRequired\":true,\"valueName\":\"search_term_string\"}}],\"inLanguage\":\"en-US\"},{\"@type\":\"Organization\",\"@id\":\"https:\\\/\\\/www.yumrey.com\\\/#organization\",\"name\":\"YUMREY\",\"url\":\"https:\\\/\\\/www.yumrey.com\\\/\",\"logo\":{\"@type\":\"ImageObject\",\"inLanguage\":\"en-US\",\"@id\":\"https:\\\/\\\/www.yumrey.com\\\/#\\\/schema\\\/logo\\\/image\\\/\",\"url\":\"https:\\\/\\\/www.yumrey.com\\\/wp-content\\\/uploads\\\/2021\\\/04\\\/cropped-cropped-YUM-LOGO-SQUARE.jpg\",\"contentUrl\":\"https:\\\/\\\/www.yumrey.com\\\/wp-content\\\/uploads\\\/2021\\\/04\\\/cropped-cropped-YUM-LOGO-SQUARE.jpg\",\"width\":80,\"height\":80,\"caption\":\"YUMREY\"},\"image\":{\"@id\":\"https:\\\/\\\/www.yumrey.com\\\/#\\\/schema\\\/logo\\\/image\\\/\"},\"sameAs\":[\"https:\\\/\\\/www.facebook.com\\\/yumreyofficial\\\/\",\"https:\\\/\\\/www.instagram.com\\\/yumreyofficial\\\/\",\"https:\\\/\\\/pl.pinterest.com\\\/yumrey_official\\\/_created\\\/\",\"https:\\\/\\\/www.youtube.com\\\/channel\\\/UCIAzL8fPJRTp_t69UXk9pdQ\"]}]}<\/script>\n<!-- \/ Yoast SEO plugin. -->","yoast_head_json":{"title":"RADIANCE NECKLACE - YUMREY","description":"Radiance necklace made of surgical steel. The necklace is made of a delicate weave with a repeating sequence of a cross and a rhombus.","robots":{"index":"index","follow":"follow","max-snippet":"max-snippet:-1","max-image-preview":"max-image-preview:large","max-video-preview":"max-video-preview:-1"},"canonical":"https:\/\/www.yumrey.com\/en\/product\/radiance-necklace\/","og_locale":"en_US","og_type":"article","og_title":"RADIANCE NECKLACE - YUMREY","og_description":"Radiance necklace made of surgical steel. The necklace is made of a delicate weave with a repeating sequence of a cross and a rhombus.","og_url":"https:\/\/www.yumrey.com\/en\/product\/radiance-necklace\/","og_site_name":"YUMREY","article_publisher":"https:\/\/www.facebook.com\/yumreyofficial\/","article_modified_time":"2025-08-05T18:41:15+00:00","og_image":[{"width":2560,"height":2560,"url":"https:\/\/www.yumrey.com\/wp-content\/uploads\/2024\/04\/DSCF7816-1-scaled.jpg","type":"image\/jpeg"}],"twitter_card":"summary_large_image","twitter_misc":{"Est. reading time":"1 minute"},"schema":{"@context":"https:\/\/schema.org","@graph":[{"@type":"WebPage","@id":"https:\/\/www.yumrey.com\/en\/product\/radiance-necklace\/","url":"https:\/\/www.yumrey.com\/en\/product\/radiance-necklace\/","name":"RADIANCE NECKLACE - YUMREY","isPartOf":{"@id":"https:\/\/www.yumrey.com\/#website"},"primaryImageOfPage":{"@id":"https:\/\/www.yumrey.com\/en\/product\/radiance-necklace\/#primaryimage"},"image":{"@id":"https:\/\/www.yumrey.com\/en\/product\/radiance-necklace\/#primaryimage"},"thumbnailUrl":"https:\/\/www.yumrey.com\/wp-content\/uploads\/2024\/04\/DSCF7816-1-scaled.jpg","datePublished":"2024-04-19T10:00:15+00:00","dateModified":"2025-08-05T18:41:15+00:00","description":"Radiance necklace made of surgical steel. The necklace is made of a delicate weave with a repeating sequence of a cross and a rhombus.","breadcrumb":{"@id":"https:\/\/www.yumrey.com\/en\/product\/radiance-necklace\/#breadcrumb"},"inLanguage":"en-US","potentialAction":[{"@type":"ReadAction","target":["https:\/\/www.yumrey.com\/en\/product\/radiance-necklace\/"]}]},{"@type":"ImageObject","inLanguage":"en-US","@id":"https:\/\/www.yumrey.com\/en\/product\/radiance-necklace\/#primaryimage","url":"https:\/\/www.yumrey.com\/wp-content\/uploads\/2024\/04\/DSCF7816-1-scaled.jpg","contentUrl":"https:\/\/www.yumrey.com\/wp-content\/uploads\/2024\/04\/DSCF7816-1-scaled.jpg","width":2560,"height":2560},{"@type":"BreadcrumbList","@id":"https:\/\/www.yumrey.com\/en\/product\/radiance-necklace\/#breadcrumb","itemListElement":[{"@type":"ListItem","position":1,"name":"Home page","item":"https:\/\/www.yumrey.com\/en\/home\/"},{"@type":"ListItem","position":2,"name":"Bi\u017cuteria srebrna. Pier\u015bcionki, kolczyki, naszyjniki, bransoletki. Srebro 925. Jako\u015b\u0107 premium. Unisex. YUMREY JEWELRY WARSAW","item":"https:\/\/www.yumrey.com\/sklep\/"},{"@type":"ListItem","position":3,"name":"RADIANCE NECKLACE"}]},{"@type":"WebSite","@id":"https:\/\/www.yumrey.com\/#website","url":"https:\/\/www.yumrey.com\/","name":"YUMREY JEWELRY","description":"HANDCRAFTED PREMIUM JEWELRY","publisher":{"@id":"https:\/\/www.yumrey.com\/#organization"},"potentialAction":[{"@type":"SearchAction","target":{"@type":"EntryPoint","urlTemplate":"https:\/\/www.yumrey.com\/?s={search_term_string}"},"query-input":{"@type":"PropertyValueSpecification","valueRequired":true,"valueName":"search_term_string"}}],"inLanguage":"en-US"},{"@type":"Organization","@id":"https:\/\/www.yumrey.com\/#organization","name":"YUMREY","url":"https:\/\/www.yumrey.com\/","logo":{"@type":"ImageObject","inLanguage":"en-US","@id":"https:\/\/www.yumrey.com\/#\/schema\/logo\/image\/","url":"https:\/\/www.yumrey.com\/wp-content\/uploads\/2021\/04\/cropped-cropped-YUM-LOGO-SQUARE.jpg","contentUrl":"https:\/\/www.yumrey.com\/wp-content\/uploads\/2021\/04\/cropped-cropped-YUM-LOGO-SQUARE.jpg","width":80,"height":80,"caption":"YUMREY"},"image":{"@id":"https:\/\/www.yumrey.com\/#\/schema\/logo\/image\/"},"sameAs":["https:\/\/www.facebook.com\/yumreyofficial\/","https:\/\/www.instagram.com\/yumreyofficial\/","https:\/\/pl.pinterest.com\/yumrey_official\/_created\/","https:\/\/www.youtube.com\/channel\/UCIAzL8fPJRTp_t69UXk9pdQ"]}]}},"_links":{"self":[{"href":"https:\/\/www.yumrey.com\/en\/wp-json\/wp\/v2\/product\/10717","targetHints":{"allow":["GET"]}}],"collection":[{"href":"https:\/\/www.yumrey.com\/en\/wp-json\/wp\/v2\/product"}],"about":[{"href":"https:\/\/www.yumrey.com\/en\/wp-json\/wp\/v2\/types\/product"}],"wp:featuredmedia":[{"embeddable":true,"href":"https:\/\/www.yumrey.com\/en\/wp-json\/wp\/v2\/media\/9853"}],"wp:attachment":[{"href":"https:\/\/www.yumrey.com\/en\/wp-json\/wp\/v2\/media?parent=10717"}],"wp:term":[{"taxonomy":"product_brand","embeddable":true,"href":"https:\/\/www.yumrey.com\/en\/wp-json\/wp\/v2\/product_brand?post=10717"},{"taxonomy":"product_cat","embeddable":true,"href":"https:\/\/www.yumrey.com\/en\/wp-json\/wp\/v2\/product_cat?post=10717"},{"taxonomy":"product_tag","embeddable":true,"href":"https:\/\/www.yumrey.com\/en\/wp-json\/wp\/v2\/product_tag?post=10717"}],"curies":[{"name":"wp","href":"https:\/\/api.w.org\/{rel}","templated":true}]}}